{"id":14244,"date":"2024-11-20T03:46:42","date_gmt":"2024-11-20T03:46:42","guid":{"rendered":"https:\/\/e-vmart.vn\/?post_type=product&#038;p=14244"},"modified":"2024-11-20T03:49:38","modified_gmt":"2024-11-20T03:49:38","slug":"giay-nu-nu026","status":"publish","type":"product","link":"https:\/\/e-vmart.vn\/en\/product\/giay-nu-nu026\/","title":{"rendered":"Women's Shoes - Nu026"},"content":{"rendered":"<p><span style=\"font-weight: 400;\"> \u0110\u00f4i gi\u00e0y n\u1eef c\u00f3 ki\u1ec3u d\u00e1ng c\u1ed5 \u0111i\u1ec3n, k\u1ebft h\u1ee3p v\u1edbi nh\u1eefng chi ti\u1ebft tinh t\u1ebf, ph\u00f9 h\u1ee3p cho c\u00e1c d\u1ecbp trang tr\u1ecdng.<br \/>\nThese women&#8217;s shoes have a classic design, combined with delicate details, making them perfect for formal occasions.<br \/>\n<\/span><\/p>","protected":false},"excerpt":{"rendered":"<p>#<span style=\"font-weight: 400;\">N026<\/span><\/p>","protected":false},"featured_media":14247,"template":"","meta":{"rank_math_lock_modified_date":false,"_bst_post_transparent":"default","_bst_post_title":"","_bst_post_layout":"default","_bst_post_sidebar_id":"","_bst_post_content_style":"default","_bst_post_vertical_padding":"default","_bst_post_feature":"","_bst_post_feature_position":"","_bst_post_header":false,"_bst_post_footer":false},"product_brand":[],"product_cat":[139],"product_tag":[],"class_list":{"0":"post-14244","1":"product","2":"type-product","3":"status-publish","4":"has-post-thumbnail","6":"product_cat-giay-nu","8":"first","9":"instock","10":"shipping-taxable","11":"purchasable","12":"product-type-simple","13":"entry","14":"content-bg","15":"loop-entry"},"_links":{"self":[{"href":"https:\/\/e-vmart.vn\/en\/wp-json\/wp\/v2\/product\/14244","targetHints":{"allow":["GET"]}}],"collection":[{"href":"https:\/\/e-vmart.vn\/en\/wp-json\/wp\/v2\/product"}],"about":[{"href":"https:\/\/e-vmart.vn\/en\/wp-json\/wp\/v2\/types\/product"}],"wp:featuredmedia":[{"embeddable":true,"href":"https:\/\/e-vmart.vn\/en\/wp-json\/wp\/v2\/media\/14247"}],"wp:attachment":[{"href":"https:\/\/e-vmart.vn\/en\/wp-json\/wp\/v2\/media?parent=14244"}],"wp:term":[{"taxonomy":"product_brand","embeddable":true,"href":"https:\/\/e-vmart.vn\/en\/wp-json\/wp\/v2\/product_brand?post=14244"},{"taxonomy":"product_cat","embeddable":true,"href":"https:\/\/e-vmart.vn\/en\/wp-json\/wp\/v2\/product_cat?post=14244"},{"taxonomy":"product_tag","embeddable":true,"href":"https:\/\/e-vmart.vn\/en\/wp-json\/wp\/v2\/product_tag?post=14244"}],"curies":[{"name":"wp","href":"https:\/\/api.w.org\/{rel}","templated":true}]}}