{"id":14184,"date":"2024-11-19T13:57:44","date_gmt":"2024-11-19T13:57:44","guid":{"rendered":"https:\/\/e-vmart.vn\/?post_type=product&#038;p=14184"},"modified":"2024-11-19T13:59:24","modified_gmt":"2024-11-19T13:59:24","slug":"giay-nu-nu016","status":"publish","type":"product","link":"https:\/\/e-vmart.vn\/en\/product\/giay-nu-nu016\/","title":{"rendered":"Women's Shoes - Nu016"},"content":{"rendered":"<p><span style=\"font-weight: 400;\">Gi\u00e0y th\u1ec3 thao n\u1eef v\u1edbi \u0111\u1ebf l\u00f3t \u00eam \u00e1i, mang l\u1ea1i s\u1ef1 tho\u1ea3i m\u00e1i khi \u0111i b\u1ed9 ho\u1eb7c tham gia c\u00e1c ho\u1ea1t \u0111\u1ed9ng th\u1ec3 thao.<br \/>\nThese women&#8217;s sneakers feature a cushioned insole, providing comfort for walking or participating in sports activities.<br \/>\n<\/span><\/p>","protected":false},"excerpt":{"rendered":"<p>#<span style=\"font-weight: 400;\">N016<\/span><\/p>","protected":false},"featured_media":14185,"template":"","meta":{"rank_math_lock_modified_date":false,"_bst_post_transparent":"default","_bst_post_title":"","_bst_post_layout":"default","_bst_post_sidebar_id":"","_bst_post_content_style":"default","_bst_post_vertical_padding":"default","_bst_post_feature":"","_bst_post_feature_position":"","_bst_post_header":false,"_bst_post_footer":false},"product_brand":[],"product_cat":[139],"product_tag":[],"class_list":{"0":"post-14184","1":"product","2":"type-product","3":"status-publish","4":"has-post-thumbnail","6":"product_cat-giay-nu","8":"first","9":"instock","10":"shipping-taxable","11":"purchasable","12":"product-type-simple","13":"entry","14":"content-bg","15":"loop-entry"},"_links":{"self":[{"href":"https:\/\/e-vmart.vn\/en\/wp-json\/wp\/v2\/product\/14184","targetHints":{"allow":["GET"]}}],"collection":[{"href":"https:\/\/e-vmart.vn\/en\/wp-json\/wp\/v2\/product"}],"about":[{"href":"https:\/\/e-vmart.vn\/en\/wp-json\/wp\/v2\/types\/product"}],"wp:featuredmedia":[{"embeddable":true,"href":"https:\/\/e-vmart.vn\/en\/wp-json\/wp\/v2\/media\/14185"}],"wp:attachment":[{"href":"https:\/\/e-vmart.vn\/en\/wp-json\/wp\/v2\/media?parent=14184"}],"wp:term":[{"taxonomy":"product_brand","embeddable":true,"href":"https:\/\/e-vmart.vn\/en\/wp-json\/wp\/v2\/product_brand?post=14184"},{"taxonomy":"product_cat","embeddable":true,"href":"https:\/\/e-vmart.vn\/en\/wp-json\/wp\/v2\/product_cat?post=14184"},{"taxonomy":"product_tag","embeddable":true,"href":"https:\/\/e-vmart.vn\/en\/wp-json\/wp\/v2\/product_tag?post=14184"}],"curies":[{"name":"wp","href":"https:\/\/api.w.org\/{rel}","templated":true}]}}