{"id":14177,"date":"2024-11-19T13:32:48","date_gmt":"2024-11-19T13:32:48","guid":{"rendered":"https:\/\/e-vmart.vn\/?post_type=product&#038;p=14177"},"modified":"2024-11-19T13:34:13","modified_gmt":"2024-11-19T13:34:13","slug":"giay-nu-nu015","status":"publish","type":"product","link":"https:\/\/e-vmart.vn\/en\/product\/giay-nu-nu015\/","title":{"rendered":"Women's Shoes - Nu015"},"content":{"rendered":"<p><span style=\"font-weight: 400;\"> \u0110\u00f4i gi\u00e0y n\u1eef v\u1edbi h\u1ecda ti\u1ebft hoa v\u0103n \u0111\u1ed9c \u0111\u00e1o, t\u1ea1o \u0111i\u1ec3m nh\u1ea5n th\u00fa v\u1ecb cho phong c\u00e1ch th\u1eddi trang c\u1ee7a b\u1ea1n.<br \/>\nhese women&#8217;s shoes feature a unique floral pattern, adding an interesting touch to your fashion style.<br \/>\n<\/span><\/p>","protected":false},"excerpt":{"rendered":"<p>#<span style=\"font-weight: 400;\">N015<\/span><\/p>","protected":false},"featured_media":14180,"template":"","meta":{"rank_math_lock_modified_date":false,"_bst_post_transparent":"default","_bst_post_title":"","_bst_post_layout":"default","_bst_post_sidebar_id":"","_bst_post_content_style":"default","_bst_post_vertical_padding":"default","_bst_post_feature":"","_bst_post_feature_position":"","_bst_post_header":false,"_bst_post_footer":false},"product_brand":[],"product_cat":[139],"product_tag":[],"class_list":{"0":"post-14177","1":"product","2":"type-product","3":"status-publish","4":"has-post-thumbnail","6":"product_cat-giay-nu","8":"first","9":"instock","10":"shipping-taxable","11":"purchasable","12":"product-type-simple","13":"entry","14":"content-bg","15":"loop-entry"},"_links":{"self":[{"href":"https:\/\/e-vmart.vn\/en\/wp-json\/wp\/v2\/product\/14177","targetHints":{"allow":["GET"]}}],"collection":[{"href":"https:\/\/e-vmart.vn\/en\/wp-json\/wp\/v2\/product"}],"about":[{"href":"https:\/\/e-vmart.vn\/en\/wp-json\/wp\/v2\/types\/product"}],"wp:featuredmedia":[{"embeddable":true,"href":"https:\/\/e-vmart.vn\/en\/wp-json\/wp\/v2\/media\/14180"}],"wp:attachment":[{"href":"https:\/\/e-vmart.vn\/en\/wp-json\/wp\/v2\/media?parent=14177"}],"wp:term":[{"taxonomy":"product_brand","embeddable":true,"href":"https:\/\/e-vmart.vn\/en\/wp-json\/wp\/v2\/product_brand?post=14177"},{"taxonomy":"product_cat","embeddable":true,"href":"https:\/\/e-vmart.vn\/en\/wp-json\/wp\/v2\/product_cat?post=14177"},{"taxonomy":"product_tag","embeddable":true,"href":"https:\/\/e-vmart.vn\/en\/wp-json\/wp\/v2\/product_tag?post=14177"}],"curies":[{"name":"wp","href":"https:\/\/api.w.org\/{rel}","templated":true}]}}