{"id":14159,"date":"2024-11-19T12:12:00","date_gmt":"2024-11-19T12:12:00","guid":{"rendered":"https:\/\/e-vmart.vn\/?post_type=product&#038;p=14159"},"modified":"2024-11-19T12:13:00","modified_gmt":"2024-11-19T12:13:00","slug":"giay-nu-nu011","status":"publish","type":"product","link":"https:\/\/e-vmart.vn\/en\/product\/giay-nu-nu011\/","title":{"rendered":"Women's Shoes - Nu011"},"content":{"rendered":"<p><span style=\"font-weight: 400;\"> Gi\u00e0y oxford n\u1eef v\u1edbi ph\u1ea7n \u0111\u1ebf b\u1ec7t, tho\u1ea3i m\u00e1i v\u00e0 mang \u0111\u1ebfn v\u1ebb ngo\u00e0i thanh l\u1ecbch nh\u01b0ng kh\u00f4ng k\u00e9m ph\u1ea7n n\u0103ng \u0111\u1ed9ng.<br \/>\nThese women&#8217;s oxford shoes have a flat sole, offering comfort while delivering an elegant yet dynamic look.<br \/>\n<\/span><\/p>","protected":false},"excerpt":{"rendered":"<p>#<span style=\"font-weight: 400;\">N011<\/span><\/p>","protected":false},"featured_media":14163,"template":"","meta":{"rank_math_lock_modified_date":false,"_bst_post_transparent":"default","_bst_post_title":"","_bst_post_layout":"default","_bst_post_sidebar_id":"","_bst_post_content_style":"default","_bst_post_vertical_padding":"default","_bst_post_feature":"","_bst_post_feature_position":"","_bst_post_header":false,"_bst_post_footer":false},"product_brand":[],"product_cat":[139],"product_tag":[],"class_list":{"0":"post-14159","1":"product","2":"type-product","3":"status-publish","4":"has-post-thumbnail","6":"product_cat-giay-nu","8":"first","9":"instock","10":"shipping-taxable","11":"purchasable","12":"product-type-simple","13":"entry","14":"content-bg","15":"loop-entry"},"_links":{"self":[{"href":"https:\/\/e-vmart.vn\/en\/wp-json\/wp\/v2\/product\/14159","targetHints":{"allow":["GET"]}}],"collection":[{"href":"https:\/\/e-vmart.vn\/en\/wp-json\/wp\/v2\/product"}],"about":[{"href":"https:\/\/e-vmart.vn\/en\/wp-json\/wp\/v2\/types\/product"}],"wp:featuredmedia":[{"embeddable":true,"href":"https:\/\/e-vmart.vn\/en\/wp-json\/wp\/v2\/media\/14163"}],"wp:attachment":[{"href":"https:\/\/e-vmart.vn\/en\/wp-json\/wp\/v2\/media?parent=14159"}],"wp:term":[{"taxonomy":"product_brand","embeddable":true,"href":"https:\/\/e-vmart.vn\/en\/wp-json\/wp\/v2\/product_brand?post=14159"},{"taxonomy":"product_cat","embeddable":true,"href":"https:\/\/e-vmart.vn\/en\/wp-json\/wp\/v2\/product_cat?post=14159"},{"taxonomy":"product_tag","embeddable":true,"href":"https:\/\/e-vmart.vn\/en\/wp-json\/wp\/v2\/product_tag?post=14159"}],"curies":[{"name":"wp","href":"https:\/\/api.w.org\/{rel}","templated":true}]}}