{"id":14154,"date":"2024-11-19T12:10:12","date_gmt":"2024-11-19T12:10:12","guid":{"rendered":"https:\/\/e-vmart.vn\/?post_type=product&#038;p=14154"},"modified":"2024-11-19T12:11:48","modified_gmt":"2024-11-19T12:11:48","slug":"giay-nu-nu010","status":"publish","type":"product","link":"https:\/\/e-vmart.vn\/en\/product\/giay-nu-nu010\/","title":{"rendered":"Women's Shoes - Nu010"},"content":{"rendered":"<p><span style=\"font-weight: 400;\"> Gi\u00e0y da n\u1eef v\u1edbi ki\u1ec3u d\u00e1ng m\u0169i vu\u00f4ng, d\u1ec5 d\u00e0ng k\u1ebft h\u1ee3p v\u1edbi trang ph\u1ee5c c\u00f4ng s\u1edf ho\u1eb7c d\u1ea1o ph\u1ed1.<br \/>\nThese women&#8217;s leather shoes feature a square toe design, making them easy to pair with both office attire and casual outfits.<br \/>\n<\/span><\/p>","protected":false},"excerpt":{"rendered":"<p>#<span style=\"font-weight: 400;\">N010<\/span><\/p>","protected":false},"featured_media":14158,"template":"","meta":{"rank_math_lock_modified_date":false,"_bst_post_transparent":"default","_bst_post_title":"","_bst_post_layout":"default","_bst_post_sidebar_id":"","_bst_post_content_style":"default","_bst_post_vertical_padding":"default","_bst_post_feature":"","_bst_post_feature_position":"","_bst_post_header":false,"_bst_post_footer":false},"product_brand":[],"product_cat":[139],"product_tag":[],"class_list":{"0":"post-14154","1":"product","2":"type-product","3":"status-publish","4":"has-post-thumbnail","6":"product_cat-giay-nu","8":"first","9":"instock","10":"shipping-taxable","11":"purchasable","12":"product-type-simple","13":"entry","14":"content-bg","15":"loop-entry"},"_links":{"self":[{"href":"https:\/\/e-vmart.vn\/en\/wp-json\/wp\/v2\/product\/14154","targetHints":{"allow":["GET"]}}],"collection":[{"href":"https:\/\/e-vmart.vn\/en\/wp-json\/wp\/v2\/product"}],"about":[{"href":"https:\/\/e-vmart.vn\/en\/wp-json\/wp\/v2\/types\/product"}],"wp:featuredmedia":[{"embeddable":true,"href":"https:\/\/e-vmart.vn\/en\/wp-json\/wp\/v2\/media\/14158"}],"wp:attachment":[{"href":"https:\/\/e-vmart.vn\/en\/wp-json\/wp\/v2\/media?parent=14154"}],"wp:term":[{"taxonomy":"product_brand","embeddable":true,"href":"https:\/\/e-vmart.vn\/en\/wp-json\/wp\/v2\/product_brand?post=14154"},{"taxonomy":"product_cat","embeddable":true,"href":"https:\/\/e-vmart.vn\/en\/wp-json\/wp\/v2\/product_cat?post=14154"},{"taxonomy":"product_tag","embeddable":true,"href":"https:\/\/e-vmart.vn\/en\/wp-json\/wp\/v2\/product_tag?post=14154"}],"curies":[{"name":"wp","href":"https:\/\/api.w.org\/{rel}","templated":true}]}}