{"id":14128,"date":"2024-11-19T10:24:40","date_gmt":"2024-11-19T10:24:40","guid":{"rendered":"https:\/\/e-vmart.vn\/?post_type=product&#038;p=14128"},"modified":"2024-11-19T10:25:47","modified_gmt":"2024-11-19T10:25:47","slug":"giay-nam-n020","status":"publish","type":"product","link":"https:\/\/e-vmart.vn\/en\/product\/giay-nam-n020\/","title":{"rendered":"Men's Shoes \u2013 N020"},"content":{"rendered":"<p><span style=\"font-weight: 400;\"> Gi\u00e0y boot nam da b\u00f2, b\u1ec1n b\u1ec9 v\u00e0 gi\u1eef \u1ea5m t\u1ed1t cho \u0111\u00f4i ch\u00e2n trong m\u00f9a \u0111\u00f4ng.<br \/>\nhe men&#8217;s leather boots are made from durable cowhide, providing excellent warmth and protection for your feet during the winter.<\/p>\n<p><\/span><\/p>","protected":false},"excerpt":{"rendered":"<p>#<span style=\"font-weight: 400;\">N020<\/span><\/p>","protected":false},"featured_media":14130,"template":"","meta":{"rank_math_lock_modified_date":false,"_bst_post_transparent":"default","_bst_post_title":"","_bst_post_layout":"default","_bst_post_sidebar_id":"","_bst_post_content_style":"default","_bst_post_vertical_padding":"default","_bst_post_feature":"","_bst_post_feature_position":"","_bst_post_header":false,"_bst_post_footer":false},"product_brand":[],"product_cat":[141],"product_tag":[],"class_list":{"0":"post-14128","1":"product","2":"type-product","3":"status-publish","4":"has-post-thumbnail","6":"product_cat-giay-nam","8":"first","9":"instock","10":"shipping-taxable","11":"purchasable","12":"product-type-simple","13":"entry","14":"content-bg","15":"loop-entry"},"_links":{"self":[{"href":"https:\/\/e-vmart.vn\/en\/wp-json\/wp\/v2\/product\/14128","targetHints":{"allow":["GET"]}}],"collection":[{"href":"https:\/\/e-vmart.vn\/en\/wp-json\/wp\/v2\/product"}],"about":[{"href":"https:\/\/e-vmart.vn\/en\/wp-json\/wp\/v2\/types\/product"}],"wp:featuredmedia":[{"embeddable":true,"href":"https:\/\/e-vmart.vn\/en\/wp-json\/wp\/v2\/media\/14130"}],"wp:attachment":[{"href":"https:\/\/e-vmart.vn\/en\/wp-json\/wp\/v2\/media?parent=14128"}],"wp:term":[{"taxonomy":"product_brand","embeddable":true,"href":"https:\/\/e-vmart.vn\/en\/wp-json\/wp\/v2\/product_brand?post=14128"},{"taxonomy":"product_cat","embeddable":true,"href":"https:\/\/e-vmart.vn\/en\/wp-json\/wp\/v2\/product_cat?post=14128"},{"taxonomy":"product_tag","embeddable":true,"href":"https:\/\/e-vmart.vn\/en\/wp-json\/wp\/v2\/product_tag?post=14128"}],"curies":[{"name":"wp","href":"https:\/\/api.w.org\/{rel}","templated":true}]}}