{"id":14120,"date":"2024-11-19T10:18:50","date_gmt":"2024-11-19T10:18:50","guid":{"rendered":"https:\/\/e-vmart.vn\/?post_type=product&#038;p=14120"},"modified":"2024-11-19T10:20:03","modified_gmt":"2024-11-19T10:20:03","slug":"giay-nam-n019","status":"publish","type":"product","link":"https:\/\/e-vmart.vn\/en\/product\/giay-nam-n019\/","title":{"rendered":"Men's Shoes \u2013 N019"},"content":{"rendered":"<p><span style=\"font-weight: 400;\"> Gi\u00e0y l\u01b0\u1eddi nam phong c\u00e1ch ch\u00e2u \u00c2u, \u0111\u01a1n gi\u1ea3n nh\u01b0ng r\u1ea5t tinh t\u1ebf v\u00e0 d\u1ec5 ph\u1ed1i \u0111\u1ed3.<br \/>\nThe men&#8217;s loafers have a European style, simple yet refined, and easy to pair with various outfits.<\/p>\n<p><\/span><\/p>","protected":false},"excerpt":{"rendered":"<p>#<span style=\"font-weight: 400;\">N019<\/span><\/p>","protected":false},"featured_media":14126,"template":"","meta":{"rank_math_lock_modified_date":false,"_bst_post_transparent":"default","_bst_post_title":"","_bst_post_layout":"default","_bst_post_sidebar_id":"","_bst_post_content_style":"default","_bst_post_vertical_padding":"default","_bst_post_feature":"","_bst_post_feature_position":"","_bst_post_header":false,"_bst_post_footer":false},"product_brand":[],"product_cat":[141],"product_tag":[],"class_list":{"0":"post-14120","1":"product","2":"type-product","3":"status-publish","4":"has-post-thumbnail","6":"product_cat-giay-nam","8":"first","9":"instock","10":"shipping-taxable","11":"purchasable","12":"product-type-simple","13":"entry","14":"content-bg","15":"loop-entry"},"_links":{"self":[{"href":"https:\/\/e-vmart.vn\/en\/wp-json\/wp\/v2\/product\/14120","targetHints":{"allow":["GET"]}}],"collection":[{"href":"https:\/\/e-vmart.vn\/en\/wp-json\/wp\/v2\/product"}],"about":[{"href":"https:\/\/e-vmart.vn\/en\/wp-json\/wp\/v2\/types\/product"}],"wp:featuredmedia":[{"embeddable":true,"href":"https:\/\/e-vmart.vn\/en\/wp-json\/wp\/v2\/media\/14126"}],"wp:attachment":[{"href":"https:\/\/e-vmart.vn\/en\/wp-json\/wp\/v2\/media?parent=14120"}],"wp:term":[{"taxonomy":"product_brand","embeddable":true,"href":"https:\/\/e-vmart.vn\/en\/wp-json\/wp\/v2\/product_brand?post=14120"},{"taxonomy":"product_cat","embeddable":true,"href":"https:\/\/e-vmart.vn\/en\/wp-json\/wp\/v2\/product_cat?post=14120"},{"taxonomy":"product_tag","embeddable":true,"href":"https:\/\/e-vmart.vn\/en\/wp-json\/wp\/v2\/product_tag?post=14120"}],"curies":[{"name":"wp","href":"https:\/\/api.w.org\/{rel}","templated":true}]}}