{"id":14109,"date":"2024-11-19T10:15:48","date_gmt":"2024-11-19T10:15:48","guid":{"rendered":"https:\/\/e-vmart.vn\/?post_type=product&#038;p=14109"},"modified":"2024-11-19T10:16:53","modified_gmt":"2024-11-19T10:16:53","slug":"giay-nam-n017","status":"publish","type":"product","link":"https:\/\/e-vmart.vn\/en\/product\/giay-nam-n017\/","title":{"rendered":"Men's Shoes \u2013 N017"},"content":{"rendered":"<p><span style=\"font-weight: 400;\"> Gi\u00e0y da nam c\u00f3 ph\u1ea7n l\u00f3t \u00eam \u00e1i, t\u1ea1o c\u1ea3m gi\u00e1c d\u1ec5 ch\u1ecbu khi di chuy\u1ec3n.<br \/>\nThe men&#8217;s leather shoes have a cushioned insole, providing a comfortable feel while walking<\/p>\n<p><\/span><\/p>","protected":false},"excerpt":{"rendered":"<p>#<span style=\"font-weight: 400;\">N017<\/span><\/p>","protected":false},"featured_media":14111,"template":"","meta":{"rank_math_lock_modified_date":false,"_bst_post_transparent":"default","_bst_post_title":"","_bst_post_layout":"default","_bst_post_sidebar_id":"","_bst_post_content_style":"default","_bst_post_vertical_padding":"default","_bst_post_feature":"","_bst_post_feature_position":"","_bst_post_header":false,"_bst_post_footer":false},"product_brand":[],"product_cat":[141],"product_tag":[],"class_list":{"0":"post-14109","1":"product","2":"type-product","3":"status-publish","4":"has-post-thumbnail","6":"product_cat-giay-nam","8":"first","9":"instock","10":"shipping-taxable","11":"purchasable","12":"product-type-simple","13":"entry","14":"content-bg","15":"loop-entry"},"_links":{"self":[{"href":"https:\/\/e-vmart.vn\/en\/wp-json\/wp\/v2\/product\/14109","targetHints":{"allow":["GET"]}}],"collection":[{"href":"https:\/\/e-vmart.vn\/en\/wp-json\/wp\/v2\/product"}],"about":[{"href":"https:\/\/e-vmart.vn\/en\/wp-json\/wp\/v2\/types\/product"}],"wp:featuredmedia":[{"embeddable":true,"href":"https:\/\/e-vmart.vn\/en\/wp-json\/wp\/v2\/media\/14111"}],"wp:attachment":[{"href":"https:\/\/e-vmart.vn\/en\/wp-json\/wp\/v2\/media?parent=14109"}],"wp:term":[{"taxonomy":"product_brand","embeddable":true,"href":"https:\/\/e-vmart.vn\/en\/wp-json\/wp\/v2\/product_brand?post=14109"},{"taxonomy":"product_cat","embeddable":true,"href":"https:\/\/e-vmart.vn\/en\/wp-json\/wp\/v2\/product_cat?post=14109"},{"taxonomy":"product_tag","embeddable":true,"href":"https:\/\/e-vmart.vn\/en\/wp-json\/wp\/v2\/product_tag?post=14109"}],"curies":[{"name":"wp","href":"https:\/\/api.w.org\/{rel}","templated":true}]}}