{"id":14102,"date":"2024-11-19T10:14:31","date_gmt":"2024-11-19T10:14:31","guid":{"rendered":"https:\/\/e-vmart.vn\/?post_type=product&#038;p=14102"},"modified":"2024-11-19T10:15:41","modified_gmt":"2024-11-19T10:15:41","slug":"giay-nam-n016","status":"publish","type":"product","link":"https:\/\/e-vmart.vn\/en\/product\/giay-nam-n016\/","title":{"rendered":"Men's Shoes \u2013 N016"},"content":{"rendered":"<p><span style=\"font-weight: 400;\"> Gi\u00e0y t\u00e2y nam c\u00f3 ki\u1ec3u d\u00e1ng tinh t\u1ebf v\u1edbi ph\u1ea7n m\u0169i vu\u00f4ng, th\u00edch h\u1ee3p cho nh\u1eefng bu\u1ed5i ti\u1ec7c sang tr\u1ecdng.<br \/>\nThe men&#8217;s dress shoes feature an elegant design with a square toe, making them perfect for formal events.<\/p>\n<p><\/span><\/p>","protected":false},"excerpt":{"rendered":"<p>#<span style=\"font-weight: 400;\">N016<\/span><\/p>","protected":false},"featured_media":14103,"template":"","meta":{"rank_math_lock_modified_date":false,"_bst_post_transparent":"default","_bst_post_title":"","_bst_post_layout":"default","_bst_post_sidebar_id":"","_bst_post_content_style":"default","_bst_post_vertical_padding":"default","_bst_post_feature":"","_bst_post_feature_position":"","_bst_post_header":false,"_bst_post_footer":false},"product_brand":[],"product_cat":[141],"product_tag":[],"class_list":{"0":"post-14102","1":"product","2":"type-product","3":"status-publish","4":"has-post-thumbnail","6":"product_cat-giay-nam","8":"first","9":"instock","10":"shipping-taxable","11":"purchasable","12":"product-type-simple","13":"entry","14":"content-bg","15":"loop-entry"},"_links":{"self":[{"href":"https:\/\/e-vmart.vn\/en\/wp-json\/wp\/v2\/product\/14102","targetHints":{"allow":["GET"]}}],"collection":[{"href":"https:\/\/e-vmart.vn\/en\/wp-json\/wp\/v2\/product"}],"about":[{"href":"https:\/\/e-vmart.vn\/en\/wp-json\/wp\/v2\/types\/product"}],"wp:featuredmedia":[{"embeddable":true,"href":"https:\/\/e-vmart.vn\/en\/wp-json\/wp\/v2\/media\/14103"}],"wp:attachment":[{"href":"https:\/\/e-vmart.vn\/en\/wp-json\/wp\/v2\/media?parent=14102"}],"wp:term":[{"taxonomy":"product_brand","embeddable":true,"href":"https:\/\/e-vmart.vn\/en\/wp-json\/wp\/v2\/product_brand?post=14102"},{"taxonomy":"product_cat","embeddable":true,"href":"https:\/\/e-vmart.vn\/en\/wp-json\/wp\/v2\/product_cat?post=14102"},{"taxonomy":"product_tag","embeddable":true,"href":"https:\/\/e-vmart.vn\/en\/wp-json\/wp\/v2\/product_tag?post=14102"}],"curies":[{"name":"wp","href":"https:\/\/api.w.org\/{rel}","templated":true}]}}