{"id":14099,"date":"2024-11-19T10:13:25","date_gmt":"2024-11-19T10:13:25","guid":{"rendered":"https:\/\/e-vmart.vn\/?post_type=product&#038;p=14099"},"modified":"2024-11-19T10:14:22","modified_gmt":"2024-11-19T10:14:22","slug":"giay-nam-n015","status":"publish","type":"product","link":"https:\/\/e-vmart.vn\/en\/product\/giay-nam-n015\/","title":{"rendered":"Men's Shoes \u2013 N015"},"content":{"rendered":"<p><span style=\"font-weight: 400;\"> \u0110\u00f4i gi\u00e0y da nam c\u00f3 m\u00e0u n\u00e2u tr\u1ea7m, mang \u0111\u1ebfn v\u1ebb ngo\u00e0i c\u1ed5 \u0111i\u1ec3n v\u00e0 d\u1ec5 ph\u1ed1i \u0111\u1ed3.<br \/>\nThe men&#8217;s leather shoes come in a dark brown color, offering a classic look that&#8217;s easy to pair with outfits.<\/p>\n<p><\/span><\/p>","protected":false},"excerpt":{"rendered":"<p>#<span style=\"font-weight: 400;\">N015<\/span><\/p>","protected":false},"featured_media":14101,"template":"","meta":{"rank_math_lock_modified_date":false,"_bst_post_transparent":"default","_bst_post_title":"","_bst_post_layout":"default","_bst_post_sidebar_id":"","_bst_post_content_style":"default","_bst_post_vertical_padding":"default","_bst_post_feature":"","_bst_post_feature_position":"","_bst_post_header":false,"_bst_post_footer":false},"product_brand":[],"product_cat":[141],"product_tag":[],"class_list":{"0":"post-14099","1":"product","2":"type-product","3":"status-publish","4":"has-post-thumbnail","6":"product_cat-giay-nam","8":"first","9":"instock","10":"shipping-taxable","11":"purchasable","12":"product-type-simple","13":"entry","14":"content-bg","15":"loop-entry"},"_links":{"self":[{"href":"https:\/\/e-vmart.vn\/en\/wp-json\/wp\/v2\/product\/14099","targetHints":{"allow":["GET"]}}],"collection":[{"href":"https:\/\/e-vmart.vn\/en\/wp-json\/wp\/v2\/product"}],"about":[{"href":"https:\/\/e-vmart.vn\/en\/wp-json\/wp\/v2\/types\/product"}],"wp:featuredmedia":[{"embeddable":true,"href":"https:\/\/e-vmart.vn\/en\/wp-json\/wp\/v2\/media\/14101"}],"wp:attachment":[{"href":"https:\/\/e-vmart.vn\/en\/wp-json\/wp\/v2\/media?parent=14099"}],"wp:term":[{"taxonomy":"product_brand","embeddable":true,"href":"https:\/\/e-vmart.vn\/en\/wp-json\/wp\/v2\/product_brand?post=14099"},{"taxonomy":"product_cat","embeddable":true,"href":"https:\/\/e-vmart.vn\/en\/wp-json\/wp\/v2\/product_cat?post=14099"},{"taxonomy":"product_tag","embeddable":true,"href":"https:\/\/e-vmart.vn\/en\/wp-json\/wp\/v2\/product_tag?post=14099"}],"curies":[{"name":"wp","href":"https:\/\/api.w.org\/{rel}","templated":true}]}}