{"id":14089,"date":"2024-11-19T10:09:35","date_gmt":"2024-11-19T10:09:35","guid":{"rendered":"https:\/\/e-vmart.vn\/?post_type=product&#038;p=14089"},"modified":"2024-11-19T10:11:32","modified_gmt":"2024-11-19T10:11:32","slug":"giay-nam-n013","status":"publish","type":"product","link":"https:\/\/e-vmart.vn\/en\/product\/giay-nam-n013\/","title":{"rendered":"Men's Shoes \u2013 N013"},"content":{"rendered":"<p><span style=\"font-weight: 400;\"> \u0110\u00f4i gi\u00e0y nam n\u00e0y c\u00f3 ph\u1ea7n \u0111\u1ebf ch\u1eafc ch\u1eafn, gi\u00fap t\u1ea1o s\u1ef1 \u1ed5n \u0111\u1ecbnh khi di chuy\u1ec3n tr\u00ean m\u1ecdi b\u1ec1 m\u1eb7t.<br \/>\nThese men&#8217;s shoes have a sturdy sole that provides stability when moving on all surfaces.<\/p>\n<p><\/span><\/p>","protected":false},"excerpt":{"rendered":"<p>#<span style=\"font-weight: 400;\">N013<\/span><\/p>","protected":false},"featured_media":14090,"template":"","meta":{"rank_math_lock_modified_date":false,"_bst_post_transparent":"default","_bst_post_title":"","_bst_post_layout":"default","_bst_post_sidebar_id":"","_bst_post_content_style":"default","_bst_post_vertical_padding":"default","_bst_post_feature":"","_bst_post_feature_position":"","_bst_post_header":false,"_bst_post_footer":false},"product_brand":[],"product_cat":[141],"product_tag":[],"class_list":{"0":"post-14089","1":"product","2":"type-product","3":"status-publish","4":"has-post-thumbnail","6":"product_cat-giay-nam","8":"first","9":"instock","10":"shipping-taxable","11":"purchasable","12":"product-type-simple","13":"entry","14":"content-bg","15":"loop-entry"},"_links":{"self":[{"href":"https:\/\/e-vmart.vn\/en\/wp-json\/wp\/v2\/product\/14089","targetHints":{"allow":["GET"]}}],"collection":[{"href":"https:\/\/e-vmart.vn\/en\/wp-json\/wp\/v2\/product"}],"about":[{"href":"https:\/\/e-vmart.vn\/en\/wp-json\/wp\/v2\/types\/product"}],"wp:featuredmedia":[{"embeddable":true,"href":"https:\/\/e-vmart.vn\/en\/wp-json\/wp\/v2\/media\/14090"}],"wp:attachment":[{"href":"https:\/\/e-vmart.vn\/en\/wp-json\/wp\/v2\/media?parent=14089"}],"wp:term":[{"taxonomy":"product_brand","embeddable":true,"href":"https:\/\/e-vmart.vn\/en\/wp-json\/wp\/v2\/product_brand?post=14089"},{"taxonomy":"product_cat","embeddable":true,"href":"https:\/\/e-vmart.vn\/en\/wp-json\/wp\/v2\/product_cat?post=14089"},{"taxonomy":"product_tag","embeddable":true,"href":"https:\/\/e-vmart.vn\/en\/wp-json\/wp\/v2\/product_tag?post=14089"}],"curies":[{"name":"wp","href":"https:\/\/api.w.org\/{rel}","templated":true}]}}