{"id":13925,"date":"2024-10-25T17:30:52","date_gmt":"2024-10-25T17:30:52","guid":{"rendered":"https:\/\/e-vmart.vn\/?post_type=product&#038;p=13925"},"modified":"2024-10-25T17:31:46","modified_gmt":"2024-10-25T17:31:46","slug":"giay-nam-n012","status":"publish","type":"product","link":"https:\/\/e-vmart.vn\/en\/product\/giay-nam-n012\/","title":{"rendered":"Men's Shoes - N012"},"content":{"rendered":"<p><span style=\"font-weight: 400;\"> Gi\u00e0y l\u01b0\u1eddi nam N012 l\u00e0 m\u1ed9t trong nh\u1eefng m\u1eabu gi\u00e0y loafer \u0111\u01b0\u1ee3c \u01b0a chu\u1ed9ng nh\u1ea5t.V\u1edbi thi\u1ebft k\u1ebf tinh t\u1ebf, ch\u1ea5t li\u1ec7u cao c\u1ea5p v\u00e0 s\u1ef1 tho\u1ea3i m\u00e1i, \u0111\u00f4i gi\u00e0y n\u00e0y h\u1ee9a h\u1eb9n s\u1ebd l\u00e0m h\u00e0i l\u00f2ng nh\u1eefng qu\u00fd \u00f4ng y\u00eau th\u00edch phong c\u00e1ch l\u1ecbch l\u00e3m v\u00e0 sang tr\u1ecdng.<br \/>\nThe N012 men&#8217;s loafers are among the most popular loafer models. With an elegant design, premium materials, and exceptional comfort, these shoes are sure to please gentlemen who appreciate a sophisticated and luxurious style.<\/p>\n<p><\/span><\/p>","protected":false},"excerpt":{"rendered":"<p>#<span style=\"font-weight: 400;\">N012<\/span><\/p>","protected":false},"featured_media":13927,"template":"","meta":{"rank_math_lock_modified_date":false,"_bst_post_transparent":"default","_bst_post_title":"","_bst_post_layout":"default","_bst_post_sidebar_id":"","_bst_post_content_style":"default","_bst_post_vertical_padding":"default","_bst_post_feature":"","_bst_post_feature_position":"","_bst_post_header":false,"_bst_post_footer":false},"product_brand":[],"product_cat":[141],"product_tag":[],"class_list":{"0":"post-13925","1":"product","2":"type-product","3":"status-publish","4":"has-post-thumbnail","6":"product_cat-giay-nam","8":"first","9":"instock","10":"shipping-taxable","11":"purchasable","12":"product-type-simple","13":"entry","14":"content-bg","15":"loop-entry"},"_links":{"self":[{"href":"https:\/\/e-vmart.vn\/en\/wp-json\/wp\/v2\/product\/13925","targetHints":{"allow":["GET"]}}],"collection":[{"href":"https:\/\/e-vmart.vn\/en\/wp-json\/wp\/v2\/product"}],"about":[{"href":"https:\/\/e-vmart.vn\/en\/wp-json\/wp\/v2\/types\/product"}],"wp:featuredmedia":[{"embeddable":true,"href":"https:\/\/e-vmart.vn\/en\/wp-json\/wp\/v2\/media\/13927"}],"wp:attachment":[{"href":"https:\/\/e-vmart.vn\/en\/wp-json\/wp\/v2\/media?parent=13925"}],"wp:term":[{"taxonomy":"product_brand","embeddable":true,"href":"https:\/\/e-vmart.vn\/en\/wp-json\/wp\/v2\/product_brand?post=13925"},{"taxonomy":"product_cat","embeddable":true,"href":"https:\/\/e-vmart.vn\/en\/wp-json\/wp\/v2\/product_cat?post=13925"},{"taxonomy":"product_tag","embeddable":true,"href":"https:\/\/e-vmart.vn\/en\/wp-json\/wp\/v2\/product_tag?post=13925"}],"curies":[{"name":"wp","href":"https:\/\/api.w.org\/{rel}","templated":true}]}}