{"id":13920,"date":"2024-10-25T17:29:53","date_gmt":"2024-10-25T17:29:53","guid":{"rendered":"https:\/\/e-vmart.vn\/?post_type=product&#038;p=13920"},"modified":"2024-10-25T17:30:46","modified_gmt":"2024-10-25T17:30:46","slug":"giay-nam-n011","status":"publish","type":"product","link":"https:\/\/e-vmart.vn\/en\/product\/giay-nam-n011\/","title":{"rendered":"Men's Shoes - N011"},"content":{"rendered":"<p><span style=\"font-weight: 400;\"> Gi\u00e0y l\u01b0\u1eddi nam N011 l\u00e0 s\u1ef1 k\u1ebft h\u1ee3p ho\u00e0n h\u1ea3o gi\u1eefa phong c\u00e1ch c\u1ed5 \u0111i\u1ec3n v\u00e0 s\u1ef1 ti\u1ec7n d\u1ee5ng hi\u1ec7n \u0111\u1ea1i. \u0110\u01b0\u1ee3c ch\u1ebf t\u00e1c t\u1ec9 m\u1ec9 t\u1eeb ch\u1ea5t li\u1ec7u da cao c\u1ea5p, \u0111\u00f4i gi\u00e0y loafer n\u00e0y kh\u00f4ng ch\u1ec9 mang l\u1ea1i v\u1ebb ngo\u00e0i l\u1ecbch l\u00e3m m\u00e0 c\u00f2n \u0111\u1ea3m b\u1ea3o s\u1ef1 tho\u1ea3i m\u00e1i t\u1ed1i \u0111a cho ng\u01b0\u1eddi s\u1eed d\u1ee5ng.<br \/>\nThe N010 men&#8217;s loafers are the perfect blend of classic style and modern convenience. Meticulously crafted from premium leather, these loafers not only offer a sophisticated appearance but also ensure maximum comfort for the wearer.<\/p>\n<p><\/span><\/p>","protected":false},"excerpt":{"rendered":"<p>#<span style=\"font-weight: 400;\">N011<\/span><\/p>","protected":false},"featured_media":13921,"template":"","meta":{"rank_math_lock_modified_date":false,"_bst_post_transparent":"default","_bst_post_title":"","_bst_post_layout":"default","_bst_post_sidebar_id":"","_bst_post_content_style":"default","_bst_post_vertical_padding":"default","_bst_post_feature":"","_bst_post_feature_position":"","_bst_post_header":false,"_bst_post_footer":false},"product_brand":[],"product_cat":[141],"product_tag":[],"class_list":{"0":"post-13920","1":"product","2":"type-product","3":"status-publish","4":"has-post-thumbnail","6":"product_cat-giay-nam","8":"first","9":"instock","10":"shipping-taxable","11":"purchasable","12":"product-type-simple","13":"entry","14":"content-bg","15":"loop-entry"},"_links":{"self":[{"href":"https:\/\/e-vmart.vn\/en\/wp-json\/wp\/v2\/product\/13920","targetHints":{"allow":["GET"]}}],"collection":[{"href":"https:\/\/e-vmart.vn\/en\/wp-json\/wp\/v2\/product"}],"about":[{"href":"https:\/\/e-vmart.vn\/en\/wp-json\/wp\/v2\/types\/product"}],"wp:featuredmedia":[{"embeddable":true,"href":"https:\/\/e-vmart.vn\/en\/wp-json\/wp\/v2\/media\/13921"}],"wp:attachment":[{"href":"https:\/\/e-vmart.vn\/en\/wp-json\/wp\/v2\/media?parent=13920"}],"wp:term":[{"taxonomy":"product_brand","embeddable":true,"href":"https:\/\/e-vmart.vn\/en\/wp-json\/wp\/v2\/product_brand?post=13920"},{"taxonomy":"product_cat","embeddable":true,"href":"https:\/\/e-vmart.vn\/en\/wp-json\/wp\/v2\/product_cat?post=13920"},{"taxonomy":"product_tag","embeddable":true,"href":"https:\/\/e-vmart.vn\/en\/wp-json\/wp\/v2\/product_tag?post=13920"}],"curies":[{"name":"wp","href":"https:\/\/api.w.org\/{rel}","templated":true}]}}