{"id":13915,"date":"2024-10-25T17:28:37","date_gmt":"2024-10-25T17:28:37","guid":{"rendered":"https:\/\/e-vmart.vn\/?post_type=product&#038;p=13915"},"modified":"2024-10-25T17:29:41","modified_gmt":"2024-10-25T17:29:41","slug":"giay-nam-n010","status":"publish","type":"product","link":"https:\/\/e-vmart.vn\/en\/product\/giay-nam-n010\/","title":{"rendered":"Men's Shoes - N010"},"content":{"rendered":"<p><span style=\"font-weight: 400;\"> \u0110\u00e2y l\u00e0 m\u00e3 s\u1ea3n ph\u1ea9m c\u1ee7a m\u1ed9t trong nh\u1eefng m\u1eabu gi\u00e0y l\u01b0\u1eddi nam Loafer \u0111\u01b0\u1ee3c y\u00eau th\u00edch nh\u1ea5t .V\u1edbi thi\u1ebft k\u1ebf \u0111\u01a1n gi\u1ea3n nh\u01b0ng tinh t\u1ebf, \u0111\u00f4i gi\u00e0y n\u00e0y kh\u00f4ng ch\u1ec9 mang l\u1ea1i s\u1ef1 tho\u1ea3i m\u00e1i m\u00e0 c\u00f2n t\u00f4n l\u00ean v\u1ebb l\u1ecbch l\u00e3m, sang tr\u1ecdng c\u1ee7a ph\u00e1i m\u1ea1nh.<br \/>\nThis is the product code for one of the most beloved men&#8217;s loafer models. With a simple yet refined design, these shoes not only provide comfort but also enhance the elegance and sophistication of men.<br \/>\n4o mini<\/p>\n<p><\/span><\/p>","protected":false},"excerpt":{"rendered":"<p>#<span style=\"font-weight: 400;\">N010<\/span><\/p>","protected":false},"featured_media":13916,"template":"","meta":{"rank_math_lock_modified_date":false,"_bst_post_transparent":"default","_bst_post_title":"","_bst_post_layout":"default","_bst_post_sidebar_id":"","_bst_post_content_style":"default","_bst_post_vertical_padding":"default","_bst_post_feature":"","_bst_post_feature_position":"","_bst_post_header":false,"_bst_post_footer":false},"product_brand":[],"product_cat":[141],"product_tag":[],"class_list":{"0":"post-13915","1":"product","2":"type-product","3":"status-publish","4":"has-post-thumbnail","6":"product_cat-giay-nam","8":"first","9":"instock","10":"shipping-taxable","11":"purchasable","12":"product-type-simple","13":"entry","14":"content-bg","15":"loop-entry"},"_links":{"self":[{"href":"https:\/\/e-vmart.vn\/en\/wp-json\/wp\/v2\/product\/13915","targetHints":{"allow":["GET"]}}],"collection":[{"href":"https:\/\/e-vmart.vn\/en\/wp-json\/wp\/v2\/product"}],"about":[{"href":"https:\/\/e-vmart.vn\/en\/wp-json\/wp\/v2\/types\/product"}],"wp:featuredmedia":[{"embeddable":true,"href":"https:\/\/e-vmart.vn\/en\/wp-json\/wp\/v2\/media\/13916"}],"wp:attachment":[{"href":"https:\/\/e-vmart.vn\/en\/wp-json\/wp\/v2\/media?parent=13915"}],"wp:term":[{"taxonomy":"product_brand","embeddable":true,"href":"https:\/\/e-vmart.vn\/en\/wp-json\/wp\/v2\/product_brand?post=13915"},{"taxonomy":"product_cat","embeddable":true,"href":"https:\/\/e-vmart.vn\/en\/wp-json\/wp\/v2\/product_cat?post=13915"},{"taxonomy":"product_tag","embeddable":true,"href":"https:\/\/e-vmart.vn\/en\/wp-json\/wp\/v2\/product_tag?post=13915"}],"curies":[{"name":"wp","href":"https:\/\/api.w.org\/{rel}","templated":true}]}}