{"id":13907,"date":"2024-10-25T17:27:19","date_gmt":"2024-10-25T17:27:19","guid":{"rendered":"https:\/\/e-vmart.vn\/?post_type=product&#038;p=13907"},"modified":"2024-10-25T17:28:31","modified_gmt":"2024-10-25T17:28:31","slug":"giay-nam-n009","status":"publish","type":"product","link":"https:\/\/e-vmart.vn\/en\/product\/giay-nam-n009\/","title":{"rendered":"Men's Shoes - N009"},"content":{"rendered":"<p><span style=\"font-weight: 400;\"> \u0110\u00e2y l\u00e0 m\u1ed9t l\u1ef1a ch\u1ecdn ho\u00e0n h\u1ea3o cho nh\u1eefng qu\u00fd \u00f4ng y\u00eau th\u00edch phong c\u00e1ch thanh l\u1ecbch v\u00e0 \u0111\u01a1n gi\u1ea3n. V\u1edbi thi\u1ebft k\u1ebf kinh \u0111i\u1ec3n v\u00e0 ch\u1ea5t li\u1ec7u cao c\u1ea5p, \u0111\u00f4i gi\u00e0y n\u00e0y s\u1ebd gi\u00fap b\u1ea1n t\u1ef1 tin th\u1ec3 hi\u1ec7n phong c\u00e1ch th\u1eddi trang c\u1ee7a m\u00ecnh.<br \/>\nThis is a perfect choice for gentlemen who appreciate an elegant and simple style. With a classic design and premium materials, these shoes will help you confidently express your fashion sense<\/p>\n<p>4o mini<\/p>\n<p><\/span><\/p>","protected":false},"excerpt":{"rendered":"<p>#<span style=\"font-weight: 400;\">N009<\/span><\/p>","protected":false},"featured_media":13914,"template":"","meta":{"rank_math_lock_modified_date":false,"_bst_post_transparent":"default","_bst_post_title":"","_bst_post_layout":"default","_bst_post_sidebar_id":"","_bst_post_content_style":"default","_bst_post_vertical_padding":"default","_bst_post_feature":"","_bst_post_feature_position":"","_bst_post_header":false,"_bst_post_footer":false},"product_brand":[],"product_cat":[141],"product_tag":[],"class_list":{"0":"post-13907","1":"product","2":"type-product","3":"status-publish","4":"has-post-thumbnail","6":"product_cat-giay-nam","8":"first","9":"instock","10":"shipping-taxable","11":"purchasable","12":"product-type-simple","13":"entry","14":"content-bg","15":"loop-entry"},"_links":{"self":[{"href":"https:\/\/e-vmart.vn\/en\/wp-json\/wp\/v2\/product\/13907","targetHints":{"allow":["GET"]}}],"collection":[{"href":"https:\/\/e-vmart.vn\/en\/wp-json\/wp\/v2\/product"}],"about":[{"href":"https:\/\/e-vmart.vn\/en\/wp-json\/wp\/v2\/types\/product"}],"wp:featuredmedia":[{"embeddable":true,"href":"https:\/\/e-vmart.vn\/en\/wp-json\/wp\/v2\/media\/13914"}],"wp:attachment":[{"href":"https:\/\/e-vmart.vn\/en\/wp-json\/wp\/v2\/media?parent=13907"}],"wp:term":[{"taxonomy":"product_brand","embeddable":true,"href":"https:\/\/e-vmart.vn\/en\/wp-json\/wp\/v2\/product_brand?post=13907"},{"taxonomy":"product_cat","embeddable":true,"href":"https:\/\/e-vmart.vn\/en\/wp-json\/wp\/v2\/product_cat?post=13907"},{"taxonomy":"product_tag","embeddable":true,"href":"https:\/\/e-vmart.vn\/en\/wp-json\/wp\/v2\/product_tag?post=13907"}],"curies":[{"name":"wp","href":"https:\/\/api.w.org\/{rel}","templated":true}]}}