{"id":13901,"date":"2024-10-25T17:26:21","date_gmt":"2024-10-25T17:26:21","guid":{"rendered":"https:\/\/e-vmart.vn\/?post_type=product&#038;p=13901"},"modified":"2024-10-25T17:27:13","modified_gmt":"2024-10-25T17:27:13","slug":"giay-nam-n008","status":"publish","type":"product","link":"https:\/\/e-vmart.vn\/en\/product\/giay-nam-n008\/","title":{"rendered":"Men's Shoes - N008"},"content":{"rendered":"<p><span style=\"font-weight: 400;\"> Gi\u00e0y l\u01b0\u1eddi nam N008 \u0111\u01b0\u1ee3c l\u00e0m t\u1eeb ch\u1ea5t li\u1ec7u da cao c\u1ea5p. Form gi\u00e0y \u0111i l\u00ean ch\u00e2n v\u1eeba v\u1eb7n, tho\u1ea3i m\u00e1i, \u0111\u01b0\u1ee3c gia c\u00f4ng t\u1ec9 m\u1ec9 v\u00e0 s\u1eafc s\u1ea3o trong t\u1eebng \u0111\u01b0\u1eddng may, m\u0169i ch\u1ec9.<br \/>\nGi\u00e0y \u0111\u01b0\u1ee3c thi\u1ebft k\u1ebf \u0111\u1ed9c \u0111\u00e1o, ph\u00e1 c\u00e1ch, t\u1ea1o \u0111i\u1ec3m nh\u1ea5n cho b\u1ea1n phong c\u00e1ch l\u1ecbch l\u00e3m.<br \/>\nThe N008 men&#8217;s loafers are crafted from premium leather. The shoe fits comfortably on the foot, with meticulous and precise stitching in every seam. Its unique and innovative design adds a distinctive touch to your sophisticated style.<br \/>\n4o mini<\/p>\n<p><\/span><\/p>","protected":false},"excerpt":{"rendered":"<p>#<span style=\"font-weight: 400;\">N008<\/span><\/p>","protected":false},"featured_media":13903,"template":"","meta":{"rank_math_lock_modified_date":false,"_bst_post_transparent":"default","_bst_post_title":"","_bst_post_layout":"default","_bst_post_sidebar_id":"","_bst_post_content_style":"default","_bst_post_vertical_padding":"default","_bst_post_feature":"","_bst_post_feature_position":"","_bst_post_header":false,"_bst_post_footer":false},"product_brand":[],"product_cat":[141],"product_tag":[],"class_list":{"0":"post-13901","1":"product","2":"type-product","3":"status-publish","4":"has-post-thumbnail","6":"product_cat-giay-nam","8":"first","9":"instock","10":"shipping-taxable","11":"purchasable","12":"product-type-simple","13":"entry","14":"content-bg","15":"loop-entry"},"_links":{"self":[{"href":"https:\/\/e-vmart.vn\/en\/wp-json\/wp\/v2\/product\/13901","targetHints":{"allow":["GET"]}}],"collection":[{"href":"https:\/\/e-vmart.vn\/en\/wp-json\/wp\/v2\/product"}],"about":[{"href":"https:\/\/e-vmart.vn\/en\/wp-json\/wp\/v2\/types\/product"}],"wp:featuredmedia":[{"embeddable":true,"href":"https:\/\/e-vmart.vn\/en\/wp-json\/wp\/v2\/media\/13903"}],"wp:attachment":[{"href":"https:\/\/e-vmart.vn\/en\/wp-json\/wp\/v2\/media?parent=13901"}],"wp:term":[{"taxonomy":"product_brand","embeddable":true,"href":"https:\/\/e-vmart.vn\/en\/wp-json\/wp\/v2\/product_brand?post=13901"},{"taxonomy":"product_cat","embeddable":true,"href":"https:\/\/e-vmart.vn\/en\/wp-json\/wp\/v2\/product_cat?post=13901"},{"taxonomy":"product_tag","embeddable":true,"href":"https:\/\/e-vmart.vn\/en\/wp-json\/wp\/v2\/product_tag?post=13901"}],"curies":[{"name":"wp","href":"https:\/\/api.w.org\/{rel}","templated":true}]}}