{"id":13897,"date":"2024-10-25T17:25:11","date_gmt":"2024-10-25T17:25:11","guid":{"rendered":"https:\/\/e-vmart.vn\/?post_type=product&#038;p=13897"},"modified":"2024-10-25T17:26:17","modified_gmt":"2024-10-25T17:26:17","slug":"giay-nam-n007","status":"publish","type":"product","link":"https:\/\/e-vmart.vn\/en\/product\/giay-nam-n007\/","title":{"rendered":"Men's Shoes - N007"},"content":{"rendered":"<p><span style=\"font-weight: 400;\"> \u0110i \u00eam Ch\u00e2n, Thi\u1ebft K\u1ebf Hi\u1ec7n \u0110\u1ea1i, Ph\u00f9 H\u1ee3p V\u1edbi Nhi\u1ec1u L\u1ee9a Tu\u1ed5i<br \/>\nComfortable to wear, with a modern design, suitable for various age groups.<\/p>\n<p><\/span><\/p>","protected":false},"excerpt":{"rendered":"<p>#<span style=\"font-weight: 400;\">N007<\/span><\/p>","protected":false},"featured_media":13899,"template":"","meta":{"rank_math_lock_modified_date":false,"_bst_post_transparent":"default","_bst_post_title":"","_bst_post_layout":"default","_bst_post_sidebar_id":"","_bst_post_content_style":"default","_bst_post_vertical_padding":"default","_bst_post_feature":"","_bst_post_feature_position":"","_bst_post_header":false,"_bst_post_footer":false},"product_brand":[],"product_cat":[141],"product_tag":[],"class_list":{"0":"post-13897","1":"product","2":"type-product","3":"status-publish","4":"has-post-thumbnail","6":"product_cat-giay-nam","8":"first","9":"instock","10":"shipping-taxable","11":"purchasable","12":"product-type-simple","13":"entry","14":"content-bg","15":"loop-entry"},"_links":{"self":[{"href":"https:\/\/e-vmart.vn\/en\/wp-json\/wp\/v2\/product\/13897","targetHints":{"allow":["GET"]}}],"collection":[{"href":"https:\/\/e-vmart.vn\/en\/wp-json\/wp\/v2\/product"}],"about":[{"href":"https:\/\/e-vmart.vn\/en\/wp-json\/wp\/v2\/types\/product"}],"wp:featuredmedia":[{"embeddable":true,"href":"https:\/\/e-vmart.vn\/en\/wp-json\/wp\/v2\/media\/13899"}],"wp:attachment":[{"href":"https:\/\/e-vmart.vn\/en\/wp-json\/wp\/v2\/media?parent=13897"}],"wp:term":[{"taxonomy":"product_brand","embeddable":true,"href":"https:\/\/e-vmart.vn\/en\/wp-json\/wp\/v2\/product_brand?post=13897"},{"taxonomy":"product_cat","embeddable":true,"href":"https:\/\/e-vmart.vn\/en\/wp-json\/wp\/v2\/product_cat?post=13897"},{"taxonomy":"product_tag","embeddable":true,"href":"https:\/\/e-vmart.vn\/en\/wp-json\/wp\/v2\/product_tag?post=13897"}],"curies":[{"name":"wp","href":"https:\/\/api.w.org\/{rel}","templated":true}]}}