{"id":13892,"date":"2024-10-25T17:24:01","date_gmt":"2024-10-25T17:24:01","guid":{"rendered":"https:\/\/e-vmart.vn\/?post_type=product&#038;p=13892"},"modified":"2024-10-25T17:25:02","modified_gmt":"2024-10-25T17:25:02","slug":"giay-nam-n006","status":"publish","type":"product","link":"https:\/\/e-vmart.vn\/en\/product\/giay-nam-n006\/","title":{"rendered":"Men's Shoes - N006"},"content":{"rendered":"<p><span style=\"font-weight: 400;\"> N006 l\u00e0 m\u1ed9t trong nh\u1eefng m\u1eabu gi\u00e0y th\u1ec3 thao nam \u0111\u01b0\u1ee3c \u01b0a chu\u1ed9ng . V\u1edbi thi\u1ebft k\u1ebf tr\u1ebb trung, n\u0103ng \u0111\u1ed9ng  \u0111\u00f4i gi\u00e0y n\u00e0y kh\u00f4ng ch\u1ec9 mang l\u1ea1i s\u1ef1 tho\u1ea3i m\u00e1i m\u00e0 c\u00f2n t\u00f4n l\u00ean v\u1ebb ngo\u00e0i l\u1ecbch l\u00e3m c\u1ee7a ph\u00e1i m\u1ea1nh.<br \/>\nThe N006 is one of the popular men&#8217;s sports shoe models. With a youthful and dynamic design, these shoes not only provide comfort but also enhance the refined appearance of men.<\/p>\n<p><\/span><\/p>","protected":false},"excerpt":{"rendered":"<p>#<span style=\"font-weight: 400;\">N006<\/span><\/p>","protected":false},"featured_media":13895,"template":"","meta":{"rank_math_lock_modified_date":false,"_bst_post_transparent":"default","_bst_post_title":"","_bst_post_layout":"default","_bst_post_sidebar_id":"","_bst_post_content_style":"default","_bst_post_vertical_padding":"default","_bst_post_feature":"","_bst_post_feature_position":"","_bst_post_header":false,"_bst_post_footer":false},"product_brand":[],"product_cat":[141],"product_tag":[],"class_list":{"0":"post-13892","1":"product","2":"type-product","3":"status-publish","4":"has-post-thumbnail","6":"product_cat-giay-nam","8":"first","9":"instock","10":"shipping-taxable","11":"purchasable","12":"product-type-simple","13":"entry","14":"content-bg","15":"loop-entry"},"_links":{"self":[{"href":"https:\/\/e-vmart.vn\/en\/wp-json\/wp\/v2\/product\/13892","targetHints":{"allow":["GET"]}}],"collection":[{"href":"https:\/\/e-vmart.vn\/en\/wp-json\/wp\/v2\/product"}],"about":[{"href":"https:\/\/e-vmart.vn\/en\/wp-json\/wp\/v2\/types\/product"}],"wp:featuredmedia":[{"embeddable":true,"href":"https:\/\/e-vmart.vn\/en\/wp-json\/wp\/v2\/media\/13895"}],"wp:attachment":[{"href":"https:\/\/e-vmart.vn\/en\/wp-json\/wp\/v2\/media?parent=13892"}],"wp:term":[{"taxonomy":"product_brand","embeddable":true,"href":"https:\/\/e-vmart.vn\/en\/wp-json\/wp\/v2\/product_brand?post=13892"},{"taxonomy":"product_cat","embeddable":true,"href":"https:\/\/e-vmart.vn\/en\/wp-json\/wp\/v2\/product_cat?post=13892"},{"taxonomy":"product_tag","embeddable":true,"href":"https:\/\/e-vmart.vn\/en\/wp-json\/wp\/v2\/product_tag?post=13892"}],"curies":[{"name":"wp","href":"https:\/\/api.w.org\/{rel}","templated":true}]}}