{"id":13885,"date":"2024-10-25T17:22:23","date_gmt":"2024-10-25T17:22:23","guid":{"rendered":"https:\/\/e-vmart.vn\/?post_type=product&#038;p=13885"},"modified":"2024-10-25T17:23:55","modified_gmt":"2024-10-25T17:23:55","slug":"giay-nam-n005","status":"publish","type":"product","link":"https:\/\/e-vmart.vn\/en\/product\/giay-nam-n005\/","title":{"rendered":"Men's Shoes - N005"},"content":{"rendered":"<p><span style=\"font-weight: 400;\"> Gi\u00e0y l\u01b0\u1eddi nam  N005 l\u00e0 m\u1ed9t trong nh\u1eefng s\u1ea3n ph\u1ea9m \u0111\u01b0\u1ee3c c\u00e1c b\u1ea1n tr\u1ebb y\u00eau th\u00edch. V\u1edbi thi\u1ebft k\u1ebf tr\u1ebb trung, n\u0103ng \u0111\u1ed9ng v\u00e0 ch\u1ea5t li\u1ec7u da cao c\u1ea5p, \u0111\u00f4i gi\u00e0y n\u00e0y kh\u00f4ng ch\u1ec9 mang \u0111\u1ebfn s\u1ef1 tho\u1ea3i m\u00e1i m\u00e0 c\u00f2n gi\u00fap b\u1ea1n th\u1ec3 hi\u1ec7n phong c\u00e1ch th\u1eddi trang ri\u00eang bi\u1ec7t.<br \/>\nThe N005 men&#8217;s loafers are a favorite among young people. With a youthful and dynamic design, along with high-quality leather, these shoes not only offer comfort but also help you express your unique fashion style.<\/p>\n<p><\/span><\/p>","protected":false},"excerpt":{"rendered":"<p>#<span style=\"font-weight: 400;\">N005<\/span><\/p>","protected":false},"featured_media":13890,"template":"","meta":{"rank_math_lock_modified_date":false,"_bst_post_transparent":"default","_bst_post_title":"","_bst_post_layout":"default","_bst_post_sidebar_id":"","_bst_post_content_style":"default","_bst_post_vertical_padding":"default","_bst_post_feature":"","_bst_post_feature_position":"","_bst_post_header":false,"_bst_post_footer":false},"product_brand":[],"product_cat":[141],"product_tag":[],"class_list":{"0":"post-13885","1":"product","2":"type-product","3":"status-publish","4":"has-post-thumbnail","6":"product_cat-giay-nam","8":"first","9":"instock","10":"shipping-taxable","11":"purchasable","12":"product-type-simple","13":"entry","14":"content-bg","15":"loop-entry"},"_links":{"self":[{"href":"https:\/\/e-vmart.vn\/en\/wp-json\/wp\/v2\/product\/13885","targetHints":{"allow":["GET"]}}],"collection":[{"href":"https:\/\/e-vmart.vn\/en\/wp-json\/wp\/v2\/product"}],"about":[{"href":"https:\/\/e-vmart.vn\/en\/wp-json\/wp\/v2\/types\/product"}],"wp:featuredmedia":[{"embeddable":true,"href":"https:\/\/e-vmart.vn\/en\/wp-json\/wp\/v2\/media\/13890"}],"wp:attachment":[{"href":"https:\/\/e-vmart.vn\/en\/wp-json\/wp\/v2\/media?parent=13885"}],"wp:term":[{"taxonomy":"product_brand","embeddable":true,"href":"https:\/\/e-vmart.vn\/en\/wp-json\/wp\/v2\/product_brand?post=13885"},{"taxonomy":"product_cat","embeddable":true,"href":"https:\/\/e-vmart.vn\/en\/wp-json\/wp\/v2\/product_cat?post=13885"},{"taxonomy":"product_tag","embeddable":true,"href":"https:\/\/e-vmart.vn\/en\/wp-json\/wp\/v2\/product_tag?post=13885"}],"curies":[{"name":"wp","href":"https:\/\/api.w.org\/{rel}","templated":true}]}}