{"id":13875,"date":"2024-10-25T17:21:00","date_gmt":"2024-10-25T17:21:00","guid":{"rendered":"https:\/\/e-vmart.vn\/?post_type=product&#038;p=13875"},"modified":"2024-10-25T17:22:17","modified_gmt":"2024-10-25T17:22:17","slug":"giay-nam-n004","status":"publish","type":"product","link":"https:\/\/e-vmart.vn\/en\/product\/giay-nam-n004\/","title":{"rendered":"Men's Shoes - N004"},"content":{"rendered":"<p><span style=\"font-weight: 400;\"> M\u1eabu gi\u00e0y n\u00e0y l\u00e0 bi\u1ec3u t\u01b0\u1ee3ng c\u1ee7a s\u1ef1 m\u1ea1nh m\u1ebd v\u00e0 sang tr\u1ecdng, d\u00e0nh cho nh\u1eefng qu\u00fd \u00f4ng \u0111am m\u00ea phong c\u00e1ch th\u1eddi trang c\u00e1 t\u00ednh v\u00e0 tinh t\u1ebf. \u0110\u01b0\u1ee3c ch\u1ebf t\u00e1c t\u1eeb ch\u1ea5t li\u1ec7u cao c\u1ea5p v\u00e0 thi\u1ebft k\u1ebf hi\u1ec7n \u0111\u1ea1i, kh\u00f4ng ch\u1ec9 mang l\u1ea1i s\u1ef1 tho\u1ea3i m\u00e1i m\u00e0 c\u00f2n n\u00e2ng t\u1ea7m phong c\u00e1ch cho ng\u01b0\u1eddi s\u1eed d\u1ee5ng.<br \/>\nThis shoe model is a symbol of strength and sophistication, designed for gentlemen who are passionate about a distinctive and refined fashion style. Crafted from high-quality materials and featuring a modern design, it not only provides comfort but also elevates the wearer\u2019s style<\/p>\n<p><\/span><\/p>","protected":false},"excerpt":{"rendered":"<p>#<span style=\"font-weight: 400;\">N004<\/span><\/p>","protected":false},"featured_media":13880,"template":"","meta":{"rank_math_lock_modified_date":false,"_bst_post_transparent":"default","_bst_post_title":"","_bst_post_layout":"default","_bst_post_sidebar_id":"","_bst_post_content_style":"default","_bst_post_vertical_padding":"default","_bst_post_feature":"","_bst_post_feature_position":"","_bst_post_header":false,"_bst_post_footer":false},"product_brand":[],"product_cat":[141],"product_tag":[],"class_list":{"0":"post-13875","1":"product","2":"type-product","3":"status-publish","4":"has-post-thumbnail","6":"product_cat-giay-nam","8":"first","9":"instock","10":"shipping-taxable","11":"purchasable","12":"product-type-simple","13":"entry","14":"content-bg","15":"loop-entry"},"_links":{"self":[{"href":"https:\/\/e-vmart.vn\/en\/wp-json\/wp\/v2\/product\/13875","targetHints":{"allow":["GET"]}}],"collection":[{"href":"https:\/\/e-vmart.vn\/en\/wp-json\/wp\/v2\/product"}],"about":[{"href":"https:\/\/e-vmart.vn\/en\/wp-json\/wp\/v2\/types\/product"}],"wp:featuredmedia":[{"embeddable":true,"href":"https:\/\/e-vmart.vn\/en\/wp-json\/wp\/v2\/media\/13880"}],"wp:attachment":[{"href":"https:\/\/e-vmart.vn\/en\/wp-json\/wp\/v2\/media?parent=13875"}],"wp:term":[{"taxonomy":"product_brand","embeddable":true,"href":"https:\/\/e-vmart.vn\/en\/wp-json\/wp\/v2\/product_brand?post=13875"},{"taxonomy":"product_cat","embeddable":true,"href":"https:\/\/e-vmart.vn\/en\/wp-json\/wp\/v2\/product_cat?post=13875"},{"taxonomy":"product_tag","embeddable":true,"href":"https:\/\/e-vmart.vn\/en\/wp-json\/wp\/v2\/product_tag?post=13875"}],"curies":[{"name":"wp","href":"https:\/\/api.w.org\/{rel}","templated":true}]}}