{"id":13871,"date":"2024-10-25T17:16:35","date_gmt":"2024-10-25T17:16:35","guid":{"rendered":"https:\/\/e-vmart.vn\/?post_type=product&#038;p=13871"},"modified":"2024-10-25T17:20:55","modified_gmt":"2024-10-25T17:20:55","slug":"giay-nam-n003","status":"publish","type":"product","link":"https:\/\/e-vmart.vn\/en\/product\/giay-nam-n003\/","title":{"rendered":"Men's Shoes - N003"},"content":{"rendered":"<p><span style=\"font-weight: 400;\"> Gi\u00e0y l\u01b0\u1eddi da m\u1ed9t l\u1ef1a ch\u1ecdn ho\u00e0n h\u1ea3o cho nh\u1eefng qu\u00fd \u00f4ng y\u00eau th\u00edch s\u1ef1 \u0111\u01a1n gi\u1ea3n, tinh t\u1ebf v\u00e0 tho\u1ea3i m\u00e1i. V\u1edbi thi\u1ebft k\u1ebf c\u1ed5 \u0111i\u1ec3n, ch\u1ea5t li\u1ec7u da cao c\u1ea5p v\u00e0 \u0111\u01b0\u1eddng may t\u1ec9 m\u1ec9, \u0111\u00f4i gi\u00e0y n\u00e0y s\u1ebd mang \u0111\u1ebfn cho b\u1ea1n m\u1ed9t phong c\u00e1ch l\u1ecbch l\u00e3m v\u00e0 sang tr\u1ecdng.<br \/>\nLeather loafers are the perfect choice for gentlemen who appreciate simplicity, elegance, and comfort. With a classic design, premium leather, and meticulous stitching, these shoes will elevate your style, providing a sophisticated and luxurious look.<\/p>\n<p><\/span><\/p>","protected":false},"excerpt":{"rendered":"<p>#<span style=\"font-weight: 400;\">N003<\/span><\/p>","protected":false},"featured_media":13873,"template":"","meta":{"rank_math_lock_modified_date":false,"_bst_post_transparent":"default","_bst_post_title":"","_bst_post_layout":"default","_bst_post_sidebar_id":"","_bst_post_content_style":"default","_bst_post_vertical_padding":"default","_bst_post_feature":"","_bst_post_feature_position":"","_bst_post_header":false,"_bst_post_footer":false},"product_brand":[],"product_cat":[141],"product_tag":[],"class_list":{"0":"post-13871","1":"product","2":"type-product","3":"status-publish","4":"has-post-thumbnail","6":"product_cat-giay-nam","8":"first","9":"instock","10":"shipping-taxable","11":"purchasable","12":"product-type-simple","13":"entry","14":"content-bg","15":"loop-entry"},"_links":{"self":[{"href":"https:\/\/e-vmart.vn\/en\/wp-json\/wp\/v2\/product\/13871","targetHints":{"allow":["GET"]}}],"collection":[{"href":"https:\/\/e-vmart.vn\/en\/wp-json\/wp\/v2\/product"}],"about":[{"href":"https:\/\/e-vmart.vn\/en\/wp-json\/wp\/v2\/types\/product"}],"wp:featuredmedia":[{"embeddable":true,"href":"https:\/\/e-vmart.vn\/en\/wp-json\/wp\/v2\/media\/13873"}],"wp:attachment":[{"href":"https:\/\/e-vmart.vn\/en\/wp-json\/wp\/v2\/media?parent=13871"}],"wp:term":[{"taxonomy":"product_brand","embeddable":true,"href":"https:\/\/e-vmart.vn\/en\/wp-json\/wp\/v2\/product_brand?post=13871"},{"taxonomy":"product_cat","embeddable":true,"href":"https:\/\/e-vmart.vn\/en\/wp-json\/wp\/v2\/product_cat?post=13871"},{"taxonomy":"product_tag","embeddable":true,"href":"https:\/\/e-vmart.vn\/en\/wp-json\/wp\/v2\/product_tag?post=13871"}],"curies":[{"name":"wp","href":"https:\/\/api.w.org\/{rel}","templated":true}]}}