{"id":13866,"date":"2024-10-25T17:15:22","date_gmt":"2024-10-25T17:15:22","guid":{"rendered":"https:\/\/e-vmart.vn\/?post_type=product&#038;p=13866"},"modified":"2024-10-25T17:16:30","modified_gmt":"2024-10-25T17:16:30","slug":"giay-nam-n002","status":"publish","type":"product","link":"https:\/\/e-vmart.vn\/en\/product\/giay-nam-n002\/","title":{"rendered":"Men's Shoes - N002"},"content":{"rendered":"<p><span style=\"font-weight: 400;\"> Gi\u00e0y l\u01b0\u1eddi nam h\u1ee3p th\u1eddi trang b\u1ed1n m\u00f9a mang \u0111\u1ebfn s\u1ef1 \u0111\u01a1n gi\u1ea3n v\u00e0 l\u1ecbch s\u1ef1.V\u1edbi k\u1ef9 thu\u1eadt kh\u00e2u tay, t\u1ec9 m\u1ec9 v\u1edbi nh\u1eefng \u0111\u01b0\u1eddng n\u00e9t tinh t\u1ebf l\u00e0m cho ng\u01b0\u1eddi d\u00f9ng d\u1ec5 d\u00e0ng mang v\u00e0o v\u00e0 c\u1edfi ra kh\u1ecfi b\u00e0n ch\u00e2n.<br \/>\nThe fashionable loafers for men are suitable for all seasons, offering simplicity and elegance. With meticulous hand-stitching and refined details, they make it easy for the wearer to slip on and off.<\/p>\n<p><\/span><\/p>","protected":false},"excerpt":{"rendered":"<p>#<span style=\"font-weight: 400;\">N002<\/span><\/p>","protected":false},"featured_media":13867,"template":"","meta":{"rank_math_lock_modified_date":false,"_bst_post_transparent":"default","_bst_post_title":"","_bst_post_layout":"default","_bst_post_sidebar_id":"","_bst_post_content_style":"default","_bst_post_vertical_padding":"default","_bst_post_feature":"","_bst_post_feature_position":"","_bst_post_header":false,"_bst_post_footer":false},"product_brand":[],"product_cat":[141],"product_tag":[],"class_list":{"0":"post-13866","1":"product","2":"type-product","3":"status-publish","4":"has-post-thumbnail","6":"product_cat-giay-nam","8":"first","9":"instock","10":"shipping-taxable","11":"purchasable","12":"product-type-simple","13":"entry","14":"content-bg","15":"loop-entry"},"_links":{"self":[{"href":"https:\/\/e-vmart.vn\/en\/wp-json\/wp\/v2\/product\/13866","targetHints":{"allow":["GET"]}}],"collection":[{"href":"https:\/\/e-vmart.vn\/en\/wp-json\/wp\/v2\/product"}],"about":[{"href":"https:\/\/e-vmart.vn\/en\/wp-json\/wp\/v2\/types\/product"}],"wp:featuredmedia":[{"embeddable":true,"href":"https:\/\/e-vmart.vn\/en\/wp-json\/wp\/v2\/media\/13867"}],"wp:attachment":[{"href":"https:\/\/e-vmart.vn\/en\/wp-json\/wp\/v2\/media?parent=13866"}],"wp:term":[{"taxonomy":"product_brand","embeddable":true,"href":"https:\/\/e-vmart.vn\/en\/wp-json\/wp\/v2\/product_brand?post=13866"},{"taxonomy":"product_cat","embeddable":true,"href":"https:\/\/e-vmart.vn\/en\/wp-json\/wp\/v2\/product_cat?post=13866"},{"taxonomy":"product_tag","embeddable":true,"href":"https:\/\/e-vmart.vn\/en\/wp-json\/wp\/v2\/product_tag?post=13866"}],"curies":[{"name":"wp","href":"https:\/\/api.w.org\/{rel}","templated":true}]}}