{"id":13805,"date":"2024-10-25T16:35:10","date_gmt":"2024-10-25T16:35:10","guid":{"rendered":"https:\/\/e-vmart.vn\/?post_type=product&#038;p=13805"},"modified":"2024-10-25T16:36:16","modified_gmt":"2024-10-25T16:36:16","slug":"giay-nu-nu004","status":"publish","type":"product","link":"https:\/\/e-vmart.vn\/en\/product\/giay-nu-nu004\/","title":{"rendered":"Women's Shoes - Nu004"},"content":{"rendered":"<p><span style=\"font-weight: 400;\">Gi\u00e0y cao g\u00f3t n\u1eef Nu004 mang t\u00ednh ti\u1ec7n d\u1ee5ng cao,\u00a0b\u1ea1n c\u00f3 th\u1ec3 \u0111i ch\u01a1i v\u1edbi b\u1ea1n b\u00e8, \u0111i h\u1ecdc hay du l\u1ecbch \u0111\u1ec1u ph\u00f9 h\u1ee3p v\u00ec t\u00ednh tr\u1ebb trung v\u00e0 n\u0103ng \u0111\u1ed9ng .<\/span><\/p>\n<p><span style=\"font-weight: 400;\">\u0110\u00e2y ch\u00ednh l\u00e0 m\u1eabu gi\u00e0y ho\u00e0n h\u1ea3o, h\u1ed9i t\u1ee5 \u0111\u1ea7y \u0111\u1ee7 c\u00e1c ti\u00eau ch\u00ed: kh\u1ecfe kho\u1eafn, tr\u1ebb trung, kh\u00f4ng r\u01b0\u1eddm r\u00e0, m\u00e0u m\u00e8 v\u00e0 c\u1ef1c ch\u1ea5t<\/span><\/p>\n<p><span style=\"font-weight: 400;\">The Nu004 women&#8217;s high heels are highly versatile, perfect for outings with friends, school, or travel due to their youthful and dynamic design. This is the perfect shoe model that meets all the criteria: sporty, youthful, uncomplicated, and stylish.<\/span><\/p>","protected":false},"excerpt":{"rendered":"<p>#<span style=\"font-weight: 400;\">Nu004<\/span><\/p>","protected":false},"featured_media":13810,"template":"","meta":{"rank_math_lock_modified_date":false,"_bst_post_transparent":"default","_bst_post_title":"","_bst_post_layout":"default","_bst_post_sidebar_id":"","_bst_post_content_style":"default","_bst_post_vertical_padding":"default","_bst_post_feature":"","_bst_post_feature_position":"","_bst_post_header":false,"_bst_post_footer":false},"product_brand":[],"product_cat":[139],"product_tag":[],"class_list":{"0":"post-13805","1":"product","2":"type-product","3":"status-publish","4":"has-post-thumbnail","6":"product_cat-giay-nu","8":"first","9":"instock","10":"shipping-taxable","11":"purchasable","12":"product-type-simple","13":"entry","14":"content-bg","15":"loop-entry"},"_links":{"self":[{"href":"https:\/\/e-vmart.vn\/en\/wp-json\/wp\/v2\/product\/13805","targetHints":{"allow":["GET"]}}],"collection":[{"href":"https:\/\/e-vmart.vn\/en\/wp-json\/wp\/v2\/product"}],"about":[{"href":"https:\/\/e-vmart.vn\/en\/wp-json\/wp\/v2\/types\/product"}],"wp:featuredmedia":[{"embeddable":true,"href":"https:\/\/e-vmart.vn\/en\/wp-json\/wp\/v2\/media\/13810"}],"wp:attachment":[{"href":"https:\/\/e-vmart.vn\/en\/wp-json\/wp\/v2\/media?parent=13805"}],"wp:term":[{"taxonomy":"product_brand","embeddable":true,"href":"https:\/\/e-vmart.vn\/en\/wp-json\/wp\/v2\/product_brand?post=13805"},{"taxonomy":"product_cat","embeddable":true,"href":"https:\/\/e-vmart.vn\/en\/wp-json\/wp\/v2\/product_cat?post=13805"},{"taxonomy":"product_tag","embeddable":true,"href":"https:\/\/e-vmart.vn\/en\/wp-json\/wp\/v2\/product_tag?post=13805"}],"curies":[{"name":"wp","href":"https:\/\/api.w.org\/{rel}","templated":true}]}}