{"id":13795,"date":"2024-10-25T16:34:01","date_gmt":"2024-10-25T16:34:01","guid":{"rendered":"https:\/\/e-vmart.vn\/?post_type=product&#038;p=13795"},"modified":"2024-10-25T16:35:03","modified_gmt":"2024-10-25T16:35:03","slug":"giay-nu-nu003","status":"publish","type":"product","link":"https:\/\/e-vmart.vn\/en\/product\/giay-nu-nu003\/","title":{"rendered":"Women's Shoes - Nu003"},"content":{"rendered":"<p><span style=\"font-weight: 400;\">Gi\u00e0y da l\u1ed9n n\u1eef \u0111\u1eb9p l\u00e0 m\u1ed9t trong nh\u1eefng lo\u1ea1i gi\u00e0y \u0111\u01b0\u1ee3c \u01b0a chu\u1ed9ng nh\u1ea5t hi\u1ec7n nay b\u1edfi v\u1ebb ngo\u00e0i \u0111\u1eb9p m\u1eaft, sang tr\u1ecdng v\u00e0 \u0111a d\u1ea1ng v\u1ec1 m\u1eabu m\u00e3. H\u1ea7u h\u1ebft c\u00e1c c\u00f4 g\u00e1i \u0111\u1ec1u mu\u1ed1n s\u1edf h\u1eefu nh\u1eefng \u0111\u00f4i gi\u00e0y da l\u1ed9n n\u1eef \u0111\u1eb9p trong t\u1ee7 \u0111\u1ed3 c\u1ee7a m\u00ecnh \u0111\u1ec3 c\u00f3 th\u1ec3 ph\u1ed1i \u0111\u1ed3 linh ho\u1ea1t cho m\u1ecdi d\u1ecbp. B\u00ean c\u1ea1nh v\u1ebb ngo\u00e0i \u0111\u1eb9p, gi\u00e0y da l\u1ed9n c\u00f2n c\u00f3 \u0111\u1ed9 b\u1ec1n cao, kh\u1ea3 n\u0103ng ch\u1ed1ng th\u1ea5m n\u01b0\u1edbc, ch\u1ed1ng tr\u01a1n tr\u01b0\u1ee3t v\u00e0 \u0111\u1eb7c bi\u1ec7t l\u00e0 c\u1ef1c k\u1ef3 tho\u1ea3i m\u00e1i cho \u0111\u00f4i ch\u00e2n. Trong b\u00e0i vi\u1ebft n\u00e0y, ch\u00fang ta s\u1ebd t\u00ecm hi\u1ec3u th\u00eam v\u1ec1 gi\u00e0y da l\u1ed9n n\u1eef \u0111\u1eb9p, bao g\u1ed3m nh\u1eefng th\u01b0\u01a1ng hi\u1ec7u n\u1ed5i ti\u1ebfng, c\u00e1ch ph\u1ed1i \u0111\u1ed3 v\u00e0 b\u1ea3o qu\u1ea3n gi\u00e0y \u0111\u1ec3 s\u1eed d\u1ee5ng l\u00e2u d\u00e0i.\u00a0<\/span><\/p>\n<p><span style=\"font-weight: 400;\">Suede women&#8217;s shoes are among the most popular types today due to their attractive appearance, luxury, and diverse styles. Most girls desire to have beautiful suede shoes in their wardrobe for versatile outfit combinations on various occasions. In addition to their stunning look, suede shoes are highly durable, water-resistant, slip-resistant, and exceptionally comfortable for the feet. In this article, we will explore more about beautiful suede women&#8217;s shoes, including renowned brands, styling tips, and care instructions for long-lasting use.<\/span><\/p>","protected":false},"excerpt":{"rendered":"<p>#<span style=\"font-weight: 400;\">Nu003<\/span><\/p>","protected":false},"featured_media":13804,"template":"","meta":{"rank_math_lock_modified_date":false,"_bst_post_transparent":"default","_bst_post_title":"","_bst_post_layout":"default","_bst_post_sidebar_id":"","_bst_post_content_style":"default","_bst_post_vertical_padding":"default","_bst_post_feature":"","_bst_post_feature_position":"","_bst_post_header":false,"_bst_post_footer":false},"product_brand":[],"product_cat":[139],"product_tag":[],"class_list":{"0":"post-13795","1":"product","2":"type-product","3":"status-publish","4":"has-post-thumbnail","6":"product_cat-giay-nu","8":"first","9":"instock","10":"shipping-taxable","11":"purchasable","12":"product-type-simple","13":"entry","14":"content-bg","15":"loop-entry"},"_links":{"self":[{"href":"https:\/\/e-vmart.vn\/en\/wp-json\/wp\/v2\/product\/13795","targetHints":{"allow":["GET"]}}],"collection":[{"href":"https:\/\/e-vmart.vn\/en\/wp-json\/wp\/v2\/product"}],"about":[{"href":"https:\/\/e-vmart.vn\/en\/wp-json\/wp\/v2\/types\/product"}],"wp:featuredmedia":[{"embeddable":true,"href":"https:\/\/e-vmart.vn\/en\/wp-json\/wp\/v2\/media\/13804"}],"wp:attachment":[{"href":"https:\/\/e-vmart.vn\/en\/wp-json\/wp\/v2\/media?parent=13795"}],"wp:term":[{"taxonomy":"product_brand","embeddable":true,"href":"https:\/\/e-vmart.vn\/en\/wp-json\/wp\/v2\/product_brand?post=13795"},{"taxonomy":"product_cat","embeddable":true,"href":"https:\/\/e-vmart.vn\/en\/wp-json\/wp\/v2\/product_cat?post=13795"},{"taxonomy":"product_tag","embeddable":true,"href":"https:\/\/e-vmart.vn\/en\/wp-json\/wp\/v2\/product_tag?post=13795"}],"curies":[{"name":"wp","href":"https:\/\/api.w.org\/{rel}","templated":true}]}}