{"id":13790,"date":"2024-10-25T16:31:59","date_gmt":"2024-10-25T16:31:59","guid":{"rendered":"https:\/\/e-vmart.vn\/?post_type=product&#038;p=13790"},"modified":"2024-10-25T16:33:50","modified_gmt":"2024-10-25T16:33:50","slug":"giay-nu-nu002","status":"publish","type":"product","link":"https:\/\/e-vmart.vn\/en\/product\/giay-nu-nu002\/","title":{"rendered":"Women's Shoes - Nu002"},"content":{"rendered":"<p><span style=\"font-weight: 400;\">B\u1eb1ng t\u1ea5t c\u1ea3 s\u1ef1 tinh t\u1ebf v\u00e0 duy\u00ean d\u00e1ng \u0111\u1ebfn t\u1eeb thi\u1ebft k\u1ebf t\u01b0\u1edfng ch\u1eebng nh\u01b0 \u0111\u01a1n gi\u1ea3n m\u00e0 l\u1ea1i thu h\u00fat,\u00a0<\/span><a href=\"https:\/\/www.japanshop.vn\/giay-nu-da-that-cao-cap-4cm-kosu-4284\" target=\"_blank\" rel=\"noopener\"><b>gi\u00e0y n\u1eef da th\u1eadt cao c\u1ea5p Nu001<\/b><\/a><span style=\"font-weight: 400;\">\u00a0l\u00e0 l\u1ef1a ch\u1ecdn ho\u00e0n h\u1ea3o \u0111\u1ec3 c\u00e1c ch\u1ecb em di\u1ec7n v\u00e0o b\u1ea5t k\u00ec d\u1ecbp n\u00e0o. V\u1edbi form d\u00e1ng tho\u1ea3i m\u00e1i c\u00f9ng gam m\u00e0u nh\u00e3 nh\u1eb7n ch\u1eafc ch\u1eafn s\u1ebd t\u1ea1o n\u00ean s\u1ee9c h\u00fat cho ng\u00e0y th\u01b0\u1eddng nh\u1eadt c\u1ee7a c\u00e1c ch\u1ecb em.<\/span><\/p>\n<p><span style=\"font-weight: 400;\">With all the elegance and charm of a seemingly simple yet captivating design, the premium leather women&#8217;s shoes Nu001 are the perfect choice for any occasion. With a comfortable fit and a subtle color palette, they are sure to add a touch of allure to everyday outfits for women.<\/span><\/p>","protected":false},"excerpt":{"rendered":"<p>#<span style=\"font-weight: 400;\">Nu002<\/span><\/p>","protected":false},"featured_media":13793,"template":"","meta":{"rank_math_lock_modified_date":false,"_bst_post_transparent":"default","_bst_post_title":"","_bst_post_layout":"default","_bst_post_sidebar_id":"","_bst_post_content_style":"default","_bst_post_vertical_padding":"default","_bst_post_feature":"","_bst_post_feature_position":"","_bst_post_header":false,"_bst_post_footer":false},"product_brand":[],"product_cat":[139],"product_tag":[],"class_list":{"0":"post-13790","1":"product","2":"type-product","3":"status-publish","4":"has-post-thumbnail","6":"product_cat-giay-nu","8":"first","9":"instock","10":"shipping-taxable","11":"purchasable","12":"product-type-simple","13":"entry","14":"content-bg","15":"loop-entry"},"_links":{"self":[{"href":"https:\/\/e-vmart.vn\/en\/wp-json\/wp\/v2\/product\/13790","targetHints":{"allow":["GET"]}}],"collection":[{"href":"https:\/\/e-vmart.vn\/en\/wp-json\/wp\/v2\/product"}],"about":[{"href":"https:\/\/e-vmart.vn\/en\/wp-json\/wp\/v2\/types\/product"}],"wp:featuredmedia":[{"embeddable":true,"href":"https:\/\/e-vmart.vn\/en\/wp-json\/wp\/v2\/media\/13793"}],"wp:attachment":[{"href":"https:\/\/e-vmart.vn\/en\/wp-json\/wp\/v2\/media?parent=13790"}],"wp:term":[{"taxonomy":"product_brand","embeddable":true,"href":"https:\/\/e-vmart.vn\/en\/wp-json\/wp\/v2\/product_brand?post=13790"},{"taxonomy":"product_cat","embeddable":true,"href":"https:\/\/e-vmart.vn\/en\/wp-json\/wp\/v2\/product_cat?post=13790"},{"taxonomy":"product_tag","embeddable":true,"href":"https:\/\/e-vmart.vn\/en\/wp-json\/wp\/v2\/product_tag?post=13790"}],"curies":[{"name":"wp","href":"https:\/\/api.w.org\/{rel}","templated":true}]}}