{"id":12713,"date":"2019-01-16T13:01:54","date_gmt":"2019-01-16T13:01:54","guid":{"rendered":"https:\/\/woocommercecore.mystagingwebsite.com\/product\/album\/"},"modified":"2024-10-25T16:30:34","modified_gmt":"2024-10-25T16:30:34","slug":"giay-nu-n001","status":"publish","type":"product","link":"https:\/\/e-vmart.vn\/en\/product\/giay-nu-n001\/","title":{"rendered":"Women's Shoes - Nu001"},"content":{"rendered":"<p><span style=\"font-weight: 400;\">V\u1edbi thi\u1ebft k\u1ebf tr\u1ebb trung mang \u0111\u1ebfn cho c\u00e1c b\u1ea1n tr\u1ebb s\u1ef1 c\u00e1 t\u00ednh,\u0111\u1eadm ch\u1ea5t phong c\u00e1ch ,\u0111\u1ec3 l\u1ea1i \u1ea5n t\u01b0\u1ee3ng kh\u00f3 phai.<\/span><\/p>\n<p><span style=\"font-weight: 400;\">With a youthful design that offers a strong sense of individuality and style, these shoes leave a lasting impression on young people.<\/span><\/p>","protected":false},"excerpt":{"rendered":"<p>#<span style=\"font-weight: 400;\">Nu001<\/span><\/p>","protected":false},"featured_media":13789,"template":"","meta":{"rank_math_lock_modified_date":false,"_bst_post_transparent":"default","_bst_post_title":"","_bst_post_layout":"default","_bst_post_sidebar_id":"","_bst_post_content_style":"default","_bst_post_vertical_padding":"default","_bst_post_feature":"","_bst_post_feature_position":"","_bst_post_header":false,"_bst_post_footer":false},"product_brand":[],"product_cat":[139],"product_tag":[],"class_list":{"0":"post-12713","1":"product","2":"type-product","3":"status-publish","4":"has-post-thumbnail","6":"product_cat-giay-nu","8":"first","9":"instock","10":"shipping-taxable","11":"purchasable","12":"product-type-simple","13":"entry","14":"content-bg","15":"loop-entry"},"_links":{"self":[{"href":"https:\/\/e-vmart.vn\/en\/wp-json\/wp\/v2\/product\/12713","targetHints":{"allow":["GET"]}}],"collection":[{"href":"https:\/\/e-vmart.vn\/en\/wp-json\/wp\/v2\/product"}],"about":[{"href":"https:\/\/e-vmart.vn\/en\/wp-json\/wp\/v2\/types\/product"}],"wp:featuredmedia":[{"embeddable":true,"href":"https:\/\/e-vmart.vn\/en\/wp-json\/wp\/v2\/media\/13789"}],"wp:attachment":[{"href":"https:\/\/e-vmart.vn\/en\/wp-json\/wp\/v2\/media?parent=12713"}],"wp:term":[{"taxonomy":"product_brand","embeddable":true,"href":"https:\/\/e-vmart.vn\/en\/wp-json\/wp\/v2\/product_brand?post=12713"},{"taxonomy":"product_cat","embeddable":true,"href":"https:\/\/e-vmart.vn\/en\/wp-json\/wp\/v2\/product_cat?post=12713"},{"taxonomy":"product_tag","embeddable":true,"href":"https:\/\/e-vmart.vn\/en\/wp-json\/wp\/v2\/product_tag?post=12713"}],"curies":[{"name":"wp","href":"https:\/\/api.w.org\/{rel}","templated":true}]}}